{"id":1674,"date":"2020-06-06T14:19:00","date_gmt":"2020-06-06T12:19:00","guid":{"rendered":"https:\/\/squishy-nobones.de\/?page_id=1674"},"modified":"2020-06-06T14:19:00","modified_gmt":"2020-06-06T12:19:00","slug":"octopod-cast","status":"publish","type":"page","link":"https:\/\/squishy-nobones.de\/?page_id=1674","title":{"rendered":"OctOpOd-CasT"},"content":{"rendered":"\n<p>haLLo! Um auch lesefaule Zweibeiner an meiner Weisheit teilhaben zu lassen, kaue ich euch die Dinger halt vor&#8230;<\/p>\n\n\n\n<figure class=\"wp-block-image size-large\"><img loading=\"lazy\" decoding=\"async\" width=\"1024\" height=\"576\" src=\"https:\/\/squishy-nobones.de\/wp-content\/uploads\/2020\/06\/20200606_123506-1024x576.jpg\" alt=\"\" class=\"wp-image-1675\" srcset=\"https:\/\/squishy-nobones.de\/wp-content\/uploads\/2020\/06\/20200606_123506-1024x576.jpg 1024w, https:\/\/squishy-nobones.de\/wp-content\/uploads\/2020\/06\/20200606_123506-300x169.jpg 300w, https:\/\/squishy-nobones.de\/wp-content\/uploads\/2020\/06\/20200606_123506-768x432.jpg 768w, https:\/\/squishy-nobones.de\/wp-content\/uploads\/2020\/06\/20200606_123506-1536x864.jpg 1536w, https:\/\/squishy-nobones.de\/wp-content\/uploads\/2020\/06\/20200606_123506-350x197.jpg 350w, https:\/\/squishy-nobones.de\/wp-content\/uploads\/2020\/06\/20200606_123506-860x484.jpg 860w, https:\/\/squishy-nobones.de\/wp-content\/uploads\/2020\/06\/20200606_123506.jpg 1920w\" sizes=\"(max-width: 1024px) 100vw, 1024px\" \/><\/figure>\n\n\n<ul class=\"wp-block-latest-posts__list has-dates wp-block-latest-posts\"><li><div class=\"wp-block-latest-posts__featured-image alignright\"><img loading=\"lazy\" decoding=\"async\" width=\"150\" height=\"150\" src=\"https:\/\/squishy-nobones.de\/wp-content\/uploads\/2022\/09\/bitch0tump3-150x150.jpg\" class=\"attachment-thumbnail size-thumbnail wp-post-image\" alt=\"\" style=\"\" srcset=\"https:\/\/squishy-nobones.de\/wp-content\/uploads\/2022\/09\/bitch0tump3-150x150.jpg 150w, https:\/\/squishy-nobones.de\/wp-content\/uploads\/2022\/09\/bitch0tump3-300x300.jpg 300w, https:\/\/squishy-nobones.de\/wp-content\/uploads\/2022\/09\/bitch0tump3-768x768.jpg 768w, https:\/\/squishy-nobones.de\/wp-content\/uploads\/2022\/09\/bitch0tump3-200x200.jpg 200w, https:\/\/squishy-nobones.de\/wp-content\/uploads\/2022\/09\/bitch0tump3-100x100.jpg 100w, https:\/\/squishy-nobones.de\/wp-content\/uploads\/2022\/09\/bitch0tump3-40x40.jpg 40w, https:\/\/squishy-nobones.de\/wp-content\/uploads\/2022\/09\/bitch0tump3.jpg 1000w\" sizes=\"(max-width: 150px) 100vw, 150px\" \/><\/div><a class=\"wp-block-latest-posts__post-title\" href=\"https:\/\/squishy-nobones.de\/?p=2345\">Quo vadis, Kulturkampf?<\/a><time datetime=\"2022-09-25T15:35:31+02:00\" class=\"wp-block-latest-posts__post-date\">25. September 2022<\/time><div class=\"wp-block-latest-posts__post-excerpt\">Dieser OctoPodcast hier auf YouTube! Hallo, ich bin es, Squishy, der umgezogene Tintenfisch. Lange keinen Netzfund von Fratzenbuch mehr beleuchtet. Also, lange her, dass ich \u00fcberhaupt was gemacht hatte, aber mein Mikro war noch in einer Umzugskiste verstaut. Und da <a class=\"more-link\" href=\"https:\/\/squishy-nobones.de\/?p=2345\">weiterlesen&#8230;<\/a><\/div><\/li>\n<li><div class=\"wp-block-latest-posts__featured-image alignright\"><img loading=\"lazy\" decoding=\"async\" width=\"150\" height=\"150\" src=\"https:\/\/squishy-nobones.de\/wp-content\/uploads\/2022\/04\/pc_024a-150x150.jpg\" class=\"attachment-thumbnail size-thumbnail wp-post-image\" alt=\"\" style=\"\" srcset=\"https:\/\/squishy-nobones.de\/wp-content\/uploads\/2022\/04\/pc_024a-150x150.jpg 150w, https:\/\/squishy-nobones.de\/wp-content\/uploads\/2022\/04\/pc_024a-300x300.jpg 300w, https:\/\/squishy-nobones.de\/wp-content\/uploads\/2022\/04\/pc_024a-1024x1024.jpg 1024w, https:\/\/squishy-nobones.de\/wp-content\/uploads\/2022\/04\/pc_024a-768x768.jpg 768w, https:\/\/squishy-nobones.de\/wp-content\/uploads\/2022\/04\/pc_024a-200x200.jpg 200w, https:\/\/squishy-nobones.de\/wp-content\/uploads\/2022\/04\/pc_024a-100x100.jpg 100w, https:\/\/squishy-nobones.de\/wp-content\/uploads\/2022\/04\/pc_024a-40x40.jpg 40w, https:\/\/squishy-nobones.de\/wp-content\/uploads\/2022\/04\/pc_024a.jpg 1242w\" sizes=\"(max-width: 150px) 100vw, 150px\" \/><\/div><a class=\"wp-block-latest-posts__post-title\" href=\"https:\/\/squishy-nobones.de\/?p=2337\">OctoPodcast 24: Quo vadis, Ukraine?<\/a><time datetime=\"2022-04-27T18:33:31+02:00\" class=\"wp-block-latest-posts__post-date\">27. April 2022<\/time><div class=\"wp-block-latest-posts__post-excerpt\">(YouTube-version unten am Ende des Textes&#8230;) Hallo, ich bin es, Squishy Nobones, der ver\u00e4ngstigte Tintenfisch. Jawohl, die Ukraineschei\u00dfe macht mir echt Sorgen, weil da so vieles passiert, das gegen jeden gesunden Tintenfischverstand geht. Und eine Figur wie Wladi la Puta <a class=\"more-link\" href=\"https:\/\/squishy-nobones.de\/?p=2337\">weiterlesen&#8230;<\/a><\/div><\/li>\n<li><div class=\"wp-block-latest-posts__featured-image alignright\"><img loading=\"lazy\" decoding=\"async\" width=\"150\" height=\"150\" src=\"https:\/\/squishy-nobones.de\/wp-content\/uploads\/2022\/04\/PC_023a-150x150.jpg\" class=\"attachment-thumbnail size-thumbnail wp-post-image\" alt=\"\" style=\"\" srcset=\"https:\/\/squishy-nobones.de\/wp-content\/uploads\/2022\/04\/PC_023a-150x150.jpg 150w, https:\/\/squishy-nobones.de\/wp-content\/uploads\/2022\/04\/PC_023a-300x300.jpg 300w, https:\/\/squishy-nobones.de\/wp-content\/uploads\/2022\/04\/PC_023a.jpg 1024w, https:\/\/squishy-nobones.de\/wp-content\/uploads\/2022\/04\/PC_023a-768x768.jpg 768w, https:\/\/squishy-nobones.de\/wp-content\/uploads\/2022\/04\/PC_023a-200x200.jpg 200w, https:\/\/squishy-nobones.de\/wp-content\/uploads\/2022\/04\/PC_023a-100x100.jpg 100w, https:\/\/squishy-nobones.de\/wp-content\/uploads\/2022\/04\/PC_023a-40x40.jpg 40w\" sizes=\"(max-width: 150px) 100vw, 150px\" \/><\/div><a class=\"wp-block-latest-posts__post-title\" href=\"https:\/\/squishy-nobones.de\/?p=2329\">OctoPodcast 23: Quo vadis, Corona?<\/a><time datetime=\"2022-03-31T13:16:54+02:00\" class=\"wp-block-latest-posts__post-date\">31. M\u00e4rz 2022<\/time><div class=\"wp-block-latest-posts__post-excerpt\">Hallo! Ich bin es, Squishy, der versonnene Tintenfisch. Heute mit einem Experiment: Quo vadis, eine kleine unzusammenh\u00e4ngende Reihe weniger grantig oktopodischer Rants als eher ein paar nachdenkliche Betrachtungen\u2026 Mal gucken, ob ich davon noch mehr als diesen mache. Also, wohin <a class=\"more-link\" href=\"https:\/\/squishy-nobones.de\/?p=2329\">weiterlesen&#8230;<\/a><\/div><\/li>\n<li><div class=\"wp-block-latest-posts__featured-image alignright\"><img loading=\"lazy\" decoding=\"async\" width=\"150\" height=\"150\" src=\"https:\/\/squishy-nobones.de\/wp-content\/uploads\/2021\/11\/pc_022a-150x150.jpg\" class=\"attachment-thumbnail size-thumbnail wp-post-image\" alt=\"\" style=\"\" srcset=\"https:\/\/squishy-nobones.de\/wp-content\/uploads\/2021\/11\/pc_022a-150x150.jpg 150w, https:\/\/squishy-nobones.de\/wp-content\/uploads\/2021\/11\/pc_022a-300x300.jpg 300w, https:\/\/squishy-nobones.de\/wp-content\/uploads\/2021\/11\/pc_022a.jpg 1024w, https:\/\/squishy-nobones.de\/wp-content\/uploads\/2021\/11\/pc_022a-768x768.jpg 768w, https:\/\/squishy-nobones.de\/wp-content\/uploads\/2021\/11\/pc_022a-200x200.jpg 200w\" sizes=\"(max-width: 150px) 100vw, 150px\" \/><\/div><a class=\"wp-block-latest-posts__post-title\" href=\"https:\/\/squishy-nobones.de\/?p=2284\">Noch so ein &#8222;Netzfund&#8220;&#8230;<\/a><time datetime=\"2021-11-17T13:11:24+01:00\" class=\"wp-block-latest-posts__post-date\">17. November 2021<\/time><div class=\"wp-block-latest-posts__post-excerpt\">Hallo, lange habe ich nicht mehr so eine lustige Liste mit tollen Fragen und Andeutungen kommentiert, die mit \u201eNetzfund\u201c \u00fcberschreiben war und sich auf Fratzebuch oder Teleschlamm verbreitet als lautes \u201eHaha! Jetzt haben wir euch, ihr Schlafimpflingspersonen, voll rhetorisch in <a class=\"more-link\" href=\"https:\/\/squishy-nobones.de\/?p=2284\">weiterlesen&#8230;<\/a><\/div><\/li>\n<li><div class=\"wp-block-latest-posts__featured-image alignright\"><img loading=\"lazy\" decoding=\"async\" width=\"150\" height=\"150\" src=\"https:\/\/squishy-nobones.de\/wp-content\/uploads\/2021\/11\/pc_021-150x150.jpg\" class=\"attachment-thumbnail size-thumbnail wp-post-image\" alt=\"\" style=\"\" srcset=\"https:\/\/squishy-nobones.de\/wp-content\/uploads\/2021\/11\/pc_021-150x150.jpg 150w, https:\/\/squishy-nobones.de\/wp-content\/uploads\/2021\/11\/pc_021-300x300.jpg 300w, https:\/\/squishy-nobones.de\/wp-content\/uploads\/2021\/11\/pc_021-1024x1024.jpg 1024w, https:\/\/squishy-nobones.de\/wp-content\/uploads\/2021\/11\/pc_021-768x768.jpg 768w, https:\/\/squishy-nobones.de\/wp-content\/uploads\/2021\/11\/pc_021-200x200.jpg 200w, https:\/\/squishy-nobones.de\/wp-content\/uploads\/2021\/11\/pc_021.jpg 1252w\" sizes=\"(max-width: 150px) 100vw, 150px\" \/><\/div><a class=\"wp-block-latest-posts__post-title\" href=\"https:\/\/squishy-nobones.de\/?p=2279\">Barschlampen-Booster<\/a><time datetime=\"2021-11-06T14:10:34+01:00\" class=\"wp-block-latest-posts__post-date\">6. November 2021<\/time><div class=\"wp-block-latest-posts__post-excerpt\">\u00dcber die Frage, warum Impfungen offenbar irgendwie nachlassen, irgendwie aber doch wirken und was das mit dem Boostern auf sich hat&#8230; Hallo, ich bin\u2018s, Squishy, der geboosterte Tintenfisch! Mal eben kurz, warum die Impfung irgendwann nachl\u00e4sst und trotzdem wirkt und <a class=\"more-link\" href=\"https:\/\/squishy-nobones.de\/?p=2279\">weiterlesen&#8230;<\/a><\/div><\/li>\n<li><div class=\"wp-block-latest-posts__featured-image alignright\"><img loading=\"lazy\" decoding=\"async\" width=\"150\" height=\"150\" src=\"https:\/\/squishy-nobones.de\/wp-content\/uploads\/2021\/04\/ardtweg-1-150x150.jpg\" class=\"attachment-thumbnail size-thumbnail wp-post-image\" alt=\"\" style=\"\" srcset=\"https:\/\/squishy-nobones.de\/wp-content\/uploads\/2021\/04\/ardtweg-1-150x150.jpg 150w, https:\/\/squishy-nobones.de\/wp-content\/uploads\/2021\/04\/ardtweg-1-300x300.jpg 300w, https:\/\/squishy-nobones.de\/wp-content\/uploads\/2021\/04\/ardtweg-1-1024x1024.jpg 1024w, https:\/\/squishy-nobones.de\/wp-content\/uploads\/2021\/04\/ardtweg-1-768x768.jpg 768w, https:\/\/squishy-nobones.de\/wp-content\/uploads\/2021\/04\/ardtweg-1-200x200.jpg 200w, https:\/\/squishy-nobones.de\/wp-content\/uploads\/2021\/04\/ardtweg-1.jpg 1080w\" sizes=\"(max-width: 150px) 100vw, 150px\" \/><\/div><a class=\"wp-block-latest-posts__post-title\" href=\"https:\/\/squishy-nobones.de\/?p=2196\">Keine Angst vor Corona<\/a><time datetime=\"2021-04-12T00:05:45+02:00\" class=\"wp-block-latest-posts__post-date\">12. April 2021<\/time><div class=\"wp-block-latest-posts__post-excerpt\">HaLLo, iCh biN eS, SquisHy, der mutige Tintenfisch. F\u00fcrchtet ihr euch vor Corona? Nein? Seid ihr vielmehr der Meinung, die Regierung will euch nur Angst machen? Dass Leute wie Drosten oder Lauterbach einfach nur Panik verbreiten wollen, vielleicht nur, um <a class=\"more-link\" href=\"https:\/\/squishy-nobones.de\/?p=2196\">weiterlesen&#8230;<\/a><\/div><\/li>\n<li><div class=\"wp-block-latest-posts__featured-image alignright\"><img loading=\"lazy\" decoding=\"async\" width=\"150\" height=\"150\" src=\"https:\/\/squishy-nobones.de\/wp-content\/uploads\/2021\/01\/fewrfwrf-150x150.jpg\" class=\"attachment-thumbnail size-thumbnail wp-post-image\" alt=\"\" style=\"\" srcset=\"https:\/\/squishy-nobones.de\/wp-content\/uploads\/2021\/01\/fewrfwrf-150x150.jpg 150w, https:\/\/squishy-nobones.de\/wp-content\/uploads\/2021\/01\/fewrfwrf-300x300.jpg 300w, https:\/\/squishy-nobones.de\/wp-content\/uploads\/2021\/01\/fewrfwrf-200x200.jpg 200w, https:\/\/squishy-nobones.de\/wp-content\/uploads\/2021\/01\/fewrfwrf.jpg 576w\" sizes=\"(max-width: 150px) 100vw, 150px\" \/><\/div><a class=\"wp-block-latest-posts__post-title\" href=\"https:\/\/squishy-nobones.de\/?p=2076\">sQuisHys QuiCkieS 19: Existenzkrise<\/a><time datetime=\"2021-02-28T13:33:00+01:00\" class=\"wp-block-latest-posts__post-date\">28. Februar 2021<\/time><div class=\"wp-block-latest-posts__post-excerpt\">HaLLo, iCh bIn eS, SqUIshY, der schockierte Tintenfisch. Kennt einer hier WR 104? Nein, nicht WD40! WR 104 ist ein lustiger Dreifachstern, drei Sonnen, die umeinander kreisen wie drei Autos mit grob irritiertem Navi in einem Kreisverkehr. Die Bezeichnung WR <a class=\"more-link\" href=\"https:\/\/squishy-nobones.de\/?p=2076\">weiterlesen&#8230;<\/a><\/div><\/li>\n<li><div class=\"wp-block-latest-posts__featured-image alignright\"><img loading=\"lazy\" decoding=\"async\" width=\"150\" height=\"150\" src=\"https:\/\/squishy-nobones.de\/wp-content\/uploads\/2021\/02\/hkgvikzhgvk-150x150.jpg\" class=\"attachment-thumbnail size-thumbnail wp-post-image\" alt=\"\" style=\"\" srcset=\"https:\/\/squishy-nobones.de\/wp-content\/uploads\/2021\/02\/hkgvikzhgvk-150x150.jpg 150w, https:\/\/squishy-nobones.de\/wp-content\/uploads\/2021\/02\/hkgvikzhgvk-300x300.jpg 300w, https:\/\/squishy-nobones.de\/wp-content\/uploads\/2021\/02\/hkgvikzhgvk-200x200.jpg 200w, https:\/\/squishy-nobones.de\/wp-content\/uploads\/2021\/02\/hkgvikzhgvk.jpg 533w\" sizes=\"(max-width: 150px) 100vw, 150px\" \/><\/div><a class=\"wp-block-latest-posts__post-title\" href=\"https:\/\/squishy-nobones.de\/?p=179\">HubScHRaPP-scHrApp-sCHraPp! AnGriFf dEr HeLikOpteRelterN!<\/a><time datetime=\"2021-02-05T16:48:00+01:00\" class=\"wp-block-latest-posts__post-date\">5. Februar 2021<\/time><div class=\"wp-block-latest-posts__post-excerpt\">HaLLo, eS isT schOn wiEDer SqUiShy, dEr fr\u00d6HlicHe, beLEhrenDe TintenFisCH. Und? Sonst so? Wie ist&#8217;s Wetter so? Och ja, soll Regen geben? Schnee? Sturm? Ihr Menschen seid ja so schrecklich wetterabh\u00e4ngig. Sonne scheint? Zu trocken. Regen? Zu nass. Schnee? Muss <a class=\"more-link\" href=\"https:\/\/squishy-nobones.de\/?p=179\">weiterlesen&#8230;<\/a><\/div><\/li>\n<li><div class=\"wp-block-latest-posts__featured-image alignright\"><img loading=\"lazy\" decoding=\"async\" width=\"150\" height=\"150\" src=\"https:\/\/squishy-nobones.de\/wp-content\/uploads\/2020\/12\/njjjf-150x150.jpg\" class=\"attachment-thumbnail size-thumbnail wp-post-image\" alt=\"\" style=\"\" srcset=\"https:\/\/squishy-nobones.de\/wp-content\/uploads\/2020\/12\/njjjf-150x150.jpg 150w, https:\/\/squishy-nobones.de\/wp-content\/uploads\/2020\/12\/njjjf-300x300.jpg 300w, https:\/\/squishy-nobones.de\/wp-content\/uploads\/2020\/12\/njjjf-1024x1024.jpg 1024w, https:\/\/squishy-nobones.de\/wp-content\/uploads\/2020\/12\/njjjf-768x768.jpg 768w, https:\/\/squishy-nobones.de\/wp-content\/uploads\/2020\/12\/njjjf-200x200.jpg 200w, https:\/\/squishy-nobones.de\/wp-content\/uploads\/2020\/12\/njjjf.jpg 1241w\" sizes=\"(max-width: 150px) 100vw, 150px\" \/><\/div><a class=\"wp-block-latest-posts__post-title\" href=\"https:\/\/squishy-nobones.de\/?p=2055\">sQuisHys QuiCkieS 18: SchNipP-SchnAPp!<\/a><time datetime=\"2020-12-31T11:37:48+01:00\" class=\"wp-block-latest-posts__post-date\">31. Dezember 2020<\/time><div class=\"wp-block-latest-posts__post-excerpt\">Hallo, ich bin es Squishy, der fr\u00f6hliche, Scheren schwingende Tintenfisch. Ja, herzlichen Gl\u00fcckwunsch, liebe skeletttragende Egomanenspezies! Ihr habt es geschafft, ihr k\u00f6nnt ein weiteres Mal feiern, dass man eurem Heiland den Pimmel gek\u00fcrzt hat. Ja, das habt ihr nicht gewusst, <a class=\"more-link\" href=\"https:\/\/squishy-nobones.de\/?p=2055\">weiterlesen&#8230;<\/a><\/div><\/li>\n<li><div class=\"wp-block-latest-posts__featured-image alignright\"><img loading=\"lazy\" decoding=\"async\" width=\"150\" height=\"150\" src=\"https:\/\/squishy-nobones.de\/wp-content\/uploads\/2020\/10\/lktjsgnoewrngaengael-1-150x150.jpg\" class=\"attachment-thumbnail size-thumbnail wp-post-image\" alt=\"\" style=\"\" srcset=\"https:\/\/squishy-nobones.de\/wp-content\/uploads\/2020\/10\/lktjsgnoewrngaengael-1-150x150.jpg 150w, https:\/\/squishy-nobones.de\/wp-content\/uploads\/2020\/10\/lktjsgnoewrngaengael-1-300x300.jpg 300w, https:\/\/squishy-nobones.de\/wp-content\/uploads\/2020\/10\/lktjsgnoewrngaengael-1-768x768.jpg 768w, https:\/\/squishy-nobones.de\/wp-content\/uploads\/2020\/10\/lktjsgnoewrngaengael-1-200x200.jpg 200w, https:\/\/squishy-nobones.de\/wp-content\/uploads\/2020\/10\/lktjsgnoewrngaengael-1.jpg 984w\" sizes=\"(max-width: 150px) 100vw, 150px\" \/><\/div><a class=\"wp-block-latest-posts__post-title\" href=\"https:\/\/squishy-nobones.de\/?p=1887\">VerSchW\u00f6ruNG! &#8211; 1: reiN tHeorETisch<\/a><time datetime=\"2020-10-31T10:27:44+01:00\" class=\"wp-block-latest-posts__post-date\">31. Oktober 2020<\/time><div class=\"wp-block-latest-posts__post-excerpt\">Noch eine Serie. Muss das sein? Ja. Und diese gibt es dann auch komplett als Podcast, ihr Knochentr\u00e4ger: Hallo, ich bin es Squishy, der verfolgte Tintenfisch. Sp\u00e4testens seit Corona hat sich die halbe Welt verschworen. Gegen wen? Gegen die andere <a class=\"more-link\" href=\"https:\/\/squishy-nobones.de\/?p=1887\">weiterlesen&#8230;<\/a><\/div><\/li>\n<li><div class=\"wp-block-latest-posts__featured-image alignright\"><img loading=\"lazy\" decoding=\"async\" width=\"150\" height=\"150\" src=\"https:\/\/squishy-nobones.de\/wp-content\/uploads\/2020\/10\/coronavsback-150x150.jpg\" class=\"attachment-thumbnail size-thumbnail wp-post-image\" alt=\"\" style=\"\" srcset=\"https:\/\/squishy-nobones.de\/wp-content\/uploads\/2020\/10\/coronavsback-150x150.jpg 150w, https:\/\/squishy-nobones.de\/wp-content\/uploads\/2020\/10\/coronavsback-300x300.jpg 300w, https:\/\/squishy-nobones.de\/wp-content\/uploads\/2020\/10\/coronavsback.jpg 1024w, https:\/\/squishy-nobones.de\/wp-content\/uploads\/2020\/10\/coronavsback-768x768.jpg 768w, https:\/\/squishy-nobones.de\/wp-content\/uploads\/2020\/10\/coronavsback-200x200.jpg 200w\" sizes=\"(max-width: 150px) 100vw, 150px\" \/><\/div><a class=\"wp-block-latest-posts__post-title\" href=\"https:\/\/squishy-nobones.de\/?p=1879\">sQuisHys QuiCkieS 15: tOte KinDeR<\/a><time datetime=\"2020-10-07T23:06:08+02:00\" class=\"wp-block-latest-posts__post-date\">7. Oktober 2020<\/time><div class=\"wp-block-latest-posts__post-excerpt\">\u00dcber Corona-Versager, L\u00fcgenkresse und ganz Deutschland im Allgemeinen HaLLo, icH biN eS, SquiShy, der stocksaure Tintenfisch. Nur mal kurz und am Rande: Wie weit ist der Arsch einiger Menschen eigentlich offen? Da wirft euch die Natur eine der billigsten Pandemien <a class=\"more-link\" href=\"https:\/\/squishy-nobones.de\/?p=1879\">weiterlesen&#8230;<\/a><\/div><\/li>\n<li><div class=\"wp-block-latest-posts__featured-image alignright\"><img loading=\"lazy\" decoding=\"async\" width=\"150\" height=\"150\" src=\"https:\/\/squishy-nobones.de\/wp-content\/uploads\/2020\/10\/ecpluion-150x150.jpg\" class=\"attachment-thumbnail size-thumbnail wp-post-image\" alt=\"\" style=\"\" srcset=\"https:\/\/squishy-nobones.de\/wp-content\/uploads\/2020\/10\/ecpluion-150x150.jpg 150w, https:\/\/squishy-nobones.de\/wp-content\/uploads\/2020\/10\/ecpluion-200x200.jpg 200w\" sizes=\"(max-width: 150px) 100vw, 150px\" \/><\/div><a class=\"wp-block-latest-posts__post-title\" href=\"https:\/\/squishy-nobones.de\/?p=1821\">GotTesbeWeisE I: Am Anfang war das Bumm!<\/a><time datetime=\"2020-10-03T22:26:24+02:00\" class=\"wp-block-latest-posts__post-date\">3. Oktober 2020<\/time><div class=\"wp-block-latest-posts__post-excerpt\">Inspiriert von &#8222;sQuiShY reDeT \u00fcBEr GoTt&#8220; habe ich angefangen, so genannte Gottesbeweise genauer zu untersuchen. Hier Teil 1&#8230; Der kosmologische &#8222;Gottesbeweis&#8220;*DING DONG!* HaLLo! IcH biN eS, SqUisHy, der gottlose Tintenfisch! Ja, hallo, ne, Ich bin&#8217;s ja, der Fl\u00f6bbl&#8230; Ach nee, <a class=\"more-link\" href=\"https:\/\/squishy-nobones.de\/?p=1821\">weiterlesen&#8230;<\/a><\/div><\/li>\n<li><div class=\"wp-block-latest-posts__featured-image alignright\"><img loading=\"lazy\" decoding=\"async\" width=\"150\" height=\"150\" src=\"https:\/\/squishy-nobones.de\/wp-content\/uploads\/2020\/08\/20200828_234454-150x150.jpg\" class=\"attachment-thumbnail size-thumbnail wp-post-image\" alt=\"\" style=\"\" srcset=\"https:\/\/squishy-nobones.de\/wp-content\/uploads\/2020\/08\/20200828_234454-150x150.jpg 150w, https:\/\/squishy-nobones.de\/wp-content\/uploads\/2020\/08\/20200828_234454-300x300.jpg 300w, https:\/\/squishy-nobones.de\/wp-content\/uploads\/2020\/08\/20200828_234454-768x768.jpg 768w, https:\/\/squishy-nobones.de\/wp-content\/uploads\/2020\/08\/20200828_234454-200x200.jpg 200w, https:\/\/squishy-nobones.de\/wp-content\/uploads\/2020\/08\/20200828_234454.jpg 1000w\" sizes=\"(max-width: 150px) 100vw, 150px\" \/><\/div><a class=\"wp-block-latest-posts__post-title\" href=\"https:\/\/squishy-nobones.de\/?p=1765\">RaSSe-MutAnTen!<\/a><time datetime=\"2020-08-29T00:23:31+02:00\" class=\"wp-block-latest-posts__post-date\">29. August 2020<\/time><div class=\"wp-block-latest-posts__post-excerpt\">HalLo, icH biN eS, SqUiShY, der schockierte Tintenfisch mit einem garantiert pandemiefreien Artikel (inklusive Podcast-Version)&#8230; Schnaufend und sabbernd sitzt die bemitleidenswerte Kreatur vor mir. Obwohl mir das Gesicht zugewandt ist, glotzen zwei Augen glubschig rechts und links an mir vorbei, <a class=\"more-link\" href=\"https:\/\/squishy-nobones.de\/?p=1765\">weiterlesen&#8230;<\/a><\/div><\/li>\n<li><div class=\"wp-block-latest-posts__featured-image alignright\"><img loading=\"lazy\" decoding=\"async\" width=\"150\" height=\"150\" src=\"https:\/\/squishy-nobones.de\/wp-content\/uploads\/2020\/07\/20200704_214841_th-150x150.jpg\" class=\"attachment-thumbnail size-thumbnail wp-post-image\" alt=\"\" style=\"\" srcset=\"https:\/\/squishy-nobones.de\/wp-content\/uploads\/2020\/07\/20200704_214841_th-150x150.jpg 150w, https:\/\/squishy-nobones.de\/wp-content\/uploads\/2020\/07\/20200704_214841_th-300x300.jpg 300w, https:\/\/squishy-nobones.de\/wp-content\/uploads\/2020\/07\/20200704_214841_th-200x200.jpg 200w, https:\/\/squishy-nobones.de\/wp-content\/uploads\/2020\/07\/20200704_214841_th.jpg 601w\" sizes=\"(max-width: 150px) 100vw, 150px\" \/><\/div><a class=\"wp-block-latest-posts__post-title\" href=\"https:\/\/squishy-nobones.de\/?p=1691\">sQuisHys QuiCkieS 14: iCh eRiNNeRe miCH&#8230;<\/a><time datetime=\"2020-07-05T09:54:00+02:00\" class=\"wp-block-latest-posts__post-date\">5. Juli 2020<\/time><div class=\"wp-block-latest-posts__post-excerpt\">Podcast-Version f\u00fcr Lesefaule, gelesen von mir, Squishy!: HaLLo, icH biN eS, SquiShy, der denkw\u00fcrdige Tintenfisch. Lassen wir mal Corona beiseite, so wie es die ganzen Leugner und Idioten tun, die sich in Massen da drau\u00dfen auf der Stra\u00dfe tummeln oder <a class=\"more-link\" href=\"https:\/\/squishy-nobones.de\/?p=1691\">weiterlesen&#8230;<\/a><\/div><\/li>\n<li><div class=\"wp-block-latest-posts__featured-image alignright\"><img loading=\"lazy\" decoding=\"async\" width=\"150\" height=\"150\" src=\"https:\/\/squishy-nobones.de\/wp-content\/uploads\/2018\/12\/iztvfiztrdcx-150x150.jpg\" class=\"attachment-thumbnail size-thumbnail wp-post-image\" alt=\"\" style=\"\" srcset=\"https:\/\/squishy-nobones.de\/wp-content\/uploads\/2018\/12\/iztvfiztrdcx-150x150.jpg 150w, https:\/\/squishy-nobones.de\/wp-content\/uploads\/2018\/12\/iztvfiztrdcx-300x300.jpg 300w, https:\/\/squishy-nobones.de\/wp-content\/uploads\/2018\/12\/iztvfiztrdcx-200x200.jpg 200w, https:\/\/squishy-nobones.de\/wp-content\/uploads\/2018\/12\/iztvfiztrdcx.jpg 432w\" sizes=\"(max-width: 150px) 100vw, 150px\" \/><\/div><a class=\"wp-block-latest-posts__post-title\" href=\"https:\/\/squishy-nobones.de\/?p=127\">sQuisHY nOBonEs eKL\u00e4Rt deN SinN deS LebeNs<\/a><time datetime=\"2020-06-06T14:15:00+02:00\" class=\"wp-block-latest-posts__post-date\">6. Juni 2020<\/time><div class=\"wp-block-latest-posts__post-excerpt\">Beitrag als Podcast: F\u00fcr lesefaule Individuen! Audiokommentar Juni 2020: Man befasst sich nat\u00fcrlich gerne mal mit solchen Themen und macht sich weitere Gedanken &#8211; insbesondere, wenn man das eine oder andere Gehirn \u00fcbrig hat&#8230; hAllO, iCh biN eS eNDliCh mAl <a class=\"more-link\" href=\"https:\/\/squishy-nobones.de\/?p=127\">weiterlesen&#8230;<\/a><\/div><\/li>\n<\/ul>","protected":false},"excerpt":{"rendered":"<p>haLLo! Um auch lesefaule Zweibeiner an meiner Weisheit teilhaben zu lassen, kaue ich euch die Dinger halt vor&#8230;<\/p>\n","protected":false},"author":1,"featured_media":1676,"parent":0,"menu_order":0,"comment_status":"closed","ping_status":"closed","template":"","meta":{"footnotes":""},"class_list":["post-1674","page","type-page","status-publish","has-post-thumbnail","hentry"],"_links":{"self":[{"href":"https:\/\/squishy-nobones.de\/index.php?rest_route=\/wp\/v2\/pages\/1674"}],"collection":[{"href":"https:\/\/squishy-nobones.de\/index.php?rest_route=\/wp\/v2\/pages"}],"about":[{"href":"https:\/\/squishy-nobones.de\/index.php?rest_route=\/wp\/v2\/types\/page"}],"author":[{"embeddable":true,"href":"https:\/\/squishy-nobones.de\/index.php?rest_route=\/wp\/v2\/users\/1"}],"replies":[{"embeddable":true,"href":"https:\/\/squishy-nobones.de\/index.php?rest_route=%2Fwp%2Fv2%2Fcomments&post=1674"}],"version-history":[{"count":2,"href":"https:\/\/squishy-nobones.de\/index.php?rest_route=\/wp\/v2\/pages\/1674\/revisions"}],"predecessor-version":[{"id":1682,"href":"https:\/\/squishy-nobones.de\/index.php?rest_route=\/wp\/v2\/pages\/1674\/revisions\/1682"}],"wp:featuredmedia":[{"embeddable":true,"href":"https:\/\/squishy-nobones.de\/index.php?rest_route=\/wp\/v2\/media\/1676"}],"wp:attachment":[{"href":"https:\/\/squishy-nobones.de\/index.php?rest_route=%2Fwp%2Fv2%2Fmedia&parent=1674"}],"curies":[{"name":"wp","href":"https:\/\/api.w.org\/{rel}","templated":true}]}}