{"id":934,"date":"2019-11-22T17:14:06","date_gmt":"2019-11-22T15:14:06","guid":{"rendered":"https:\/\/squishy-nobones.de\/?page_id=934"},"modified":"2020-07-04T21:39:19","modified_gmt":"2020-07-04T19:39:19","slug":"hilfe-ich-wurde-geimpft-die-serie","status":"publish","type":"page","link":"https:\/\/squishy-nobones.de\/?page_id=934","title":{"rendered":"hILfe, geiMPfT!"},"content":{"rendered":"\n<p>hAllO, iCh biN eS, sQuisHy, dEr veRpeSteTe tiNTenfIscH. Aus aktuellen, pers\u00f6nlichen und sonstigen fadenscheinigen Gr\u00fcnden habe ich mich ausf\u00fchrlich mit dem Thema Impfungen, mit ihren Risiken und den von ihnen abzuwendenden Krankheiten befasst. <\/p>\n\n\n\n<figure class=\"wp-block-image size-large\"><img loading=\"lazy\" decoding=\"async\" width=\"1024\" height=\"598\" src=\"https:\/\/squishy-nobones.de\/wp-content\/uploads\/2019\/11\/20190717_222017-1-1024x598.jpg\" alt=\"\" class=\"wp-image-1005\" srcset=\"https:\/\/squishy-nobones.de\/wp-content\/uploads\/2019\/11\/20190717_222017-1-1024x598.jpg 1024w, https:\/\/squishy-nobones.de\/wp-content\/uploads\/2019\/11\/20190717_222017-1-1024x598-300x175.jpg 300w, https:\/\/squishy-nobones.de\/wp-content\/uploads\/2019\/11\/20190717_222017-1-1024x598-768x449.jpg 768w\" sizes=\"(max-width: 1024px) 100vw, 1024px\" \/><\/figure>\n\n\n\n<p>Ich empfehle auf jeden Fall, alle Artikel in ihrer Reihenfolge zu lesen, da sie in Teilen aufeinander aufbauen. Wichtig ist vor allem die <a href=\"http:\/\/squishy-nobones.de\/?p=368\">Einleitung<\/a>, in der ich die verschiedenen Hypothesen benenne, die \u00fcber das Impfen kolportiert werden.<\/p>\n\n\n\n<p>INHALT (einmal mit Alles&#8230;):<\/p>\n\n\n\n<ol class=\"wp-block-list\"><li><a href=\"https:\/\/squishy-nobones.de\/?p=368\" data-type=\"post\" data-id=\"368\">Einleitung<\/a> &#8211; Von Tentakelpest und Zeppelinen<\/li><li><a href=\"https:\/\/squishy-nobones.de\/?p=440\" data-type=\"post\" data-id=\"440\">Das Virus in der Spritze<\/a> &#8211; Von M\u00f6psen und Clownschminke<br>(Impfstoffe sind eigentlich krankheitserregende Viren)<\/li><li><a href=\"https:\/\/squishy-nobones.de\/?p=507\" data-type=\"post\" data-id=\"507\">T\u00f6dliches Gift<\/a> &#8211; Von den Gefahren schwedischer M\u00f6belh\u00e4user<br>(Impfstoffe sind Giftbomben)<\/li><li><a href=\"https:\/\/squishy-nobones.de\/?p=538\" data-type=\"post\" data-id=\"538\">Fit mit Beulenpest<\/a> &#8211; Von Nilpferden und angolesischer Literatur <br>(Impfungen hemmen unser Immunsystem)<\/li><li><a href=\"https:\/\/squishy-nobones.de\/?p=553\" data-type=\"post\" data-id=\"553\">Nur ein paar rote Punkte<\/a> &#8211; Russisch Mensch-\u00e4rgere-dich-nicht<br>(Kinderkrankheiten (und andere) sind harmlos)<\/li><li><a href=\"https:\/\/squishy-nobones.de\/?p=580\" data-type=\"post\" data-id=\"580\">Widerstand ist zwecklos!<\/a> &#8211; Spa\u00df mit Statistiken!<br>(Impfungen sind wirkungslos)<\/li><li><a href=\"https:\/\/squishy-nobones.de\/?p=649\" data-type=\"post\" data-id=\"649\">Geld! Geld! Geld!<\/a> &#8211; Von Zahnhygiene mit Hochspannung und Wasserveredelung<br>(Impfungen wurden nur f\u00fcr Geldmacherei erfunden)<\/li><li><a href=\"https:\/\/squishy-nobones.de\/?p=693\" data-type=\"post\" data-id=\"693\">Verfassungsfeinde und Volksverr\u00e4ter<\/a> &#8211; Von Nachgeburt und Kindesverst\u00fcmmelung<br>(Impfpflicht ist verfassungsfeindlich, Impfungen sind K\u00f6rperverletzung)<\/li><li><a href=\"https:\/\/squishy-nobones.de\/?p=689\" data-type=\"post\" data-id=\"689\">Alles Einbildung!<\/a> &#8211; Von der Nichtexistenz Thailands<br>(Viren gibt es gar nicht)<\/li><li><a href=\"https:\/\/squishy-nobones.de\/?p=1220\" data-type=\"post\" data-id=\"1220\">Pl\u00f6tzlich Autist!<\/a> &#8211; Von kriminellen Machenschaften und bissigen Guppys<br>(Impfungen verursachen Autismus)<\/li><li><a href=\"https:\/\/squishy-nobones.de\/?p=1016\" data-type=\"post\" data-id=\"1016\">Impf-Nazis<\/a> &#8211; Vom Waldorf-Horst und von Hitler-Ufos<br>(Impfzwang ist Faschismus!)<\/li><li><a href=\"https:\/\/squishy-nobones.de\/?p=1933\" data-type=\"post\" data-id=\"1933\">Die Impfung des Dr. Moreau<\/a> &#8211; Von Lego Raumschiffen und P\u00f6mpeln<br>(mRNA-Impfungen ver\u00e4ndern das Erbgut)<\/li><li><a href=\"https:\/\/squishy-nobones.de\/?p=2015\" data-type=\"post\" data-id=\"2015\">Ahnungslos gespritzt!<\/a> &#8211; Von Bohrmaschinen und dem Yvette-W\u00fcrstchen<br>(Die mRNA-Impfung ist nicht sicher)<\/li><li><a rel=\"noreferrer noopener\" aria-label=\" (\u00f6ffnet in neuem Tab)\" href=\"https:\/\/squishy-nobones.de\/?p=583\" target=\"_blank\">Finale<\/a> &#8211; 33 Antworten von Doktor Squishy<br>(Dialog mit einem &#8222;informierten&#8220; Elterntier)  <\/li><\/ol>\n","protected":false},"excerpt":{"rendered":"<p>hAllO, iCh biN eS, sQuisHy, dEr veRpeSteTe tiNTenfIscH. Aus aktuellen, pers\u00f6nlichen und sonstigen fadenscheinigen Gr\u00fcnden habe ich mich ausf\u00fchrlich mit dem Thema Impfungen, mit ihren <a class=\"more-link\" href=\"https:\/\/squishy-nobones.de\/?page_id=934\">weiterlesen&#8230;<\/a><\/p>\n","protected":false},"author":1,"featured_media":1005,"parent":0,"menu_order":0,"comment_status":"closed","ping_status":"closed","template":"","meta":{"footnotes":""},"class_list":["post-934","page","type-page","status-publish","has-post-thumbnail","hentry"],"_links":{"self":[{"href":"https:\/\/squishy-nobones.de\/index.php?rest_route=\/wp\/v2\/pages\/934"}],"collection":[{"href":"https:\/\/squishy-nobones.de\/index.php?rest_route=\/wp\/v2\/pages"}],"about":[{"href":"https:\/\/squishy-nobones.de\/index.php?rest_route=\/wp\/v2\/types\/page"}],"author":[{"embeddable":true,"href":"https:\/\/squishy-nobones.de\/index.php?rest_route=\/wp\/v2\/users\/1"}],"replies":[{"embeddable":true,"href":"https:\/\/squishy-nobones.de\/index.php?rest_route=%2Fwp%2Fv2%2Fcomments&post=934"}],"version-history":[{"count":9,"href":"https:\/\/squishy-nobones.de\/index.php?rest_route=\/wp\/v2\/pages\/934\/revisions"}],"predecessor-version":[{"id":1700,"href":"https:\/\/squishy-nobones.de\/index.php?rest_route=\/wp\/v2\/pages\/934\/revisions\/1700"}],"wp:featuredmedia":[{"embeddable":true,"href":"https:\/\/squishy-nobones.de\/index.php?rest_route=\/wp\/v2\/media\/1005"}],"wp:attachment":[{"href":"https:\/\/squishy-nobones.de\/index.php?rest_route=%2Fwp%2Fv2%2Fmedia&parent=934"}],"curies":[{"name":"wp","href":"https:\/\/api.w.org\/{rel}","templated":true}]}}